{"id":15,"date":"2019-04-28T09:58:13","date_gmt":"2019-04-28T09:58:13","guid":{"rendered":"http:\/\/handwerker-hilfe.de\/?page_id=15"},"modified":"2023-03-12T13:36:30","modified_gmt":"2023-03-12T13:36:30","slug":"ueber-uns","status":"publish","type":"page","link":"https:\/\/handwerker-hilfe.de\/","title":{"rendered":"\u00dcber uns"},"content":{"rendered":"\n<p>Als professioneller Hausmeisterservice \u00fcbernehmen wir in Berlin und Umgebung diverse Arbeiten am Haus, im Haus und im Garten. Zu unserem Kundenkreis geh\u00f6ren sowohl Privathaushalte, als auch Wohngemeinschaften, sowie auch Hausverwaltungen. Einfach jeder, der an einem nachhaltigen Werterhalt seiner Immobilie und\/oder an der Steigerung des Wohnkomforts interessiert ist.<\/p>\n\n\n\n<p>Mit dem Hausmeisterservice der Handwerker-Hilfe&nbsp;erhalten Sie einen flexiblen Partner f\u00fcr Ihre Immobilie, der auf Ihre individuellen W\u00fcnsche eingeht und Sie in diesen Leistungsbereichen kosteng\u00fcnstig unterst\u00fctzt.<\/p>\n\n\n\n<figure class=\"wp-block-gallery has-nested-images columns-default is-cropped wp-block-gallery-1 is-layout-flex wp-block-gallery-is-layout-flex\">\n<figure class=\"wp-block-image size-large\"><img loading=\"lazy\" decoding=\"async\" width=\"1024\" height=\"651\" data-id=\"216\" src=\"https:\/\/handwerker-hilfe.de\/wp-content\/uploads\/2023\/03\/WhatsApp-Bild-2023-03-12-um-01.04.22-1024x651.jpg\" alt=\"\" class=\"wp-image-216\" srcset=\"https:\/\/handwerker-hilfe.de\/wp-content\/uploads\/2023\/03\/WhatsApp-Bild-2023-03-12-um-01.04.22-1024x651.jpg 1024w, https:\/\/handwerker-hilfe.de\/wp-content\/uploads\/2023\/03\/WhatsApp-Bild-2023-03-12-um-01.04.22-300x191.jpg 300w, https:\/\/handwerker-hilfe.de\/wp-content\/uploads\/2023\/03\/WhatsApp-Bild-2023-03-12-um-01.04.22-768x488.jpg 768w, https:\/\/handwerker-hilfe.de\/wp-content\/uploads\/2023\/03\/WhatsApp-Bild-2023-03-12-um-01.04.22-1536x977.jpg 1536w, https:\/\/handwerker-hilfe.de\/wp-content\/uploads\/2023\/03\/WhatsApp-Bild-2023-03-12-um-01.04.22.jpg 2048w\" sizes=\"auto, (max-width: 1024px) 100vw, 1024px\" \/><\/figure>\n<\/figure>\n","protected":false},"excerpt":{"rendered":"<p>Als professioneller Hausmeisterservice \u00fcbernehmen wir in Berlin und Umgebung diverse Arbeiten am Haus, im Haus und im Garten. Zu unserem Kundenkreis geh\u00f6ren sowohl Privathaushalte, als [&hellip;]<\/p>\n","protected":false},"author":2,"featured_media":0,"parent":0,"menu_order":0,"comment_status":"closed","ping_status":"closed","template":"","meta":{"footnotes":""},"class_list":["post-15","page","type-page","status-publish","hentry"],"_links":{"self":[{"href":"https:\/\/handwerker-hilfe.de\/index.php?rest_route=\/wp\/v2\/pages\/15","targetHints":{"allow":["GET"]}}],"collection":[{"href":"https:\/\/handwerker-hilfe.de\/index.php?rest_route=\/wp\/v2\/pages"}],"about":[{"href":"https:\/\/handwerker-hilfe.de\/index.php?rest_route=\/wp\/v2\/types\/page"}],"author":[{"embeddable":true,"href":"https:\/\/handwerker-hilfe.de\/index.php?rest_route=\/wp\/v2\/users\/2"}],"replies":[{"embeddable":true,"href":"https:\/\/handwerker-hilfe.de\/index.php?rest_route=%2Fwp%2Fv2%2Fcomments&post=15"}],"version-history":[{"count":5,"href":"https:\/\/handwerker-hilfe.de\/index.php?rest_route=\/wp\/v2\/pages\/15\/revisions"}],"predecessor-version":[{"id":217,"href":"https:\/\/handwerker-hilfe.de\/index.php?rest_route=\/wp\/v2\/pages\/15\/revisions\/217"}],"wp:attachment":[{"href":"https:\/\/handwerker-hilfe.de\/index.php?rest_route=%2Fwp%2Fv2%2Fmedia&parent=15"}],"curies":[{"name":"wp","href":"https:\/\/api.w.org\/{rel}","templated":true}]}}