{"id":71,"date":"2019-04-28T19:28:47","date_gmt":"2019-04-28T19:28:47","guid":{"rendered":"http:\/\/test.handwerker-hilfe.de\/?page_id=71"},"modified":"2020-05-05T13:22:00","modified_gmt":"2020-05-05T13:22:00","slug":"galerie","status":"publish","type":"page","link":"https:\/\/handwerker-hilfe.de\/?page_id=71","title":{"rendered":"Galerie"},"content":{"rendered":"\n<p>Egal ob sich mal etwas mehr angestaut hat &#8230;.<\/p>\n\n\n\n<figure class=\"wp-block-gallery columns-3 is-cropped wp-block-gallery-1 is-layout-flex wp-block-gallery-is-layout-flex\"><ul class=\"blocks-gallery-grid\"><li class=\"blocks-gallery-item\"><figure><img loading=\"lazy\" decoding=\"async\" width=\"454\" height=\"341\" src=\"http:\/\/test.handwerker-hilfe.de\/wp-content\/uploads\/2019\/04\/2-3.jpg\" alt=\"\" data-id=\"73\" data-link=\"http:\/\/test.handwerker-hilfe.de\/?attachment_id=73\" class=\"wp-image-73\" srcset=\"https:\/\/handwerker-hilfe.de\/wp-content\/uploads\/2019\/04\/2-3.jpg 454w, https:\/\/handwerker-hilfe.de\/wp-content\/uploads\/2019\/04\/2-3-300x225.jpg 300w\" sizes=\"auto, (max-width: 454px) 100vw, 454px\" \/><\/figure><\/li><li class=\"blocks-gallery-item\"><figure><img loading=\"lazy\" decoding=\"async\" width=\"1024\" height=\"663\" src=\"http:\/\/test.handwerker-hilfe.de\/wp-content\/uploads\/2020\/05\/20180718_070642-1-1024x663.jpg\" alt=\"\" data-id=\"133\" data-link=\"http:\/\/test.handwerker-hilfe.de\/?attachment_id=133\" class=\"wp-image-133\" srcset=\"https:\/\/handwerker-hilfe.de\/wp-content\/uploads\/2020\/05\/20180718_070642-1-1024x663.jpg 1024w, https:\/\/handwerker-hilfe.de\/wp-content\/uploads\/2020\/05\/20180718_070642-1-300x194.jpg 300w, https:\/\/handwerker-hilfe.de\/wp-content\/uploads\/2020\/05\/20180718_070642-1-768x497.jpg 768w, https:\/\/handwerker-hilfe.de\/wp-content\/uploads\/2020\/05\/20180718_070642-1-1536x995.jpg 1536w, https:\/\/handwerker-hilfe.de\/wp-content\/uploads\/2020\/05\/20180718_070642-1-2048x1327.jpg 2048w\" sizes=\"auto, (max-width: 1024px) 100vw, 1024px\" \/><\/figure><\/li><li class=\"blocks-gallery-item\"><figure><img loading=\"lazy\" decoding=\"async\" width=\"454\" height=\"341\" src=\"http:\/\/test.handwerker-hilfe.de\/wp-content\/uploads\/2019\/04\/4-2.jpg\" alt=\"\" data-id=\"75\" data-link=\"http:\/\/test.handwerker-hilfe.de\/?attachment_id=75\" class=\"wp-image-75\" srcset=\"https:\/\/handwerker-hilfe.de\/wp-content\/uploads\/2019\/04\/4-2.jpg 454w, https:\/\/handwerker-hilfe.de\/wp-content\/uploads\/2019\/04\/4-2-300x225.jpg 300w\" sizes=\"auto, (max-width: 454px) 100vw, 454px\" \/><\/figure><\/li><li class=\"blocks-gallery-item\"><figure><img loading=\"lazy\" decoding=\"async\" width=\"1024\" height=\"590\" src=\"http:\/\/test.handwerker-hilfe.de\/wp-content\/uploads\/2020\/05\/20181122_103145-1-1024x590.jpg\" alt=\"\" data-id=\"135\" data-full-url=\"http:\/\/test.handwerker-hilfe.de\/wp-content\/uploads\/2020\/05\/20181122_103145-1-scaled.jpg\" data-link=\"http:\/\/test.handwerker-hilfe.de\/?attachment_id=135\" class=\"wp-image-135\" srcset=\"https:\/\/handwerker-hilfe.de\/wp-content\/uploads\/2020\/05\/20181122_103145-1-1024x590.jpg 1024w, https:\/\/handwerker-hilfe.de\/wp-content\/uploads\/2020\/05\/20181122_103145-1-300x173.jpg 300w, https:\/\/handwerker-hilfe.de\/wp-content\/uploads\/2020\/05\/20181122_103145-1-768x443.jpg 768w, https:\/\/handwerker-hilfe.de\/wp-content\/uploads\/2020\/05\/20181122_103145-1-1536x885.jpg 1536w, https:\/\/handwerker-hilfe.de\/wp-content\/uploads\/2020\/05\/20181122_103145-1-2048x1181.jpg 2048w\" sizes=\"auto, (max-width: 1024px) 100vw, 1024px\" \/><\/figure><\/li><\/ul><\/figure>\n\n\n\n<p>&#8230;. oder Ihnen die winterlichen Witterungsverh\u00e4ltnisse zu schaffen machen &#8230;.<\/p>\n\n\n\n<figure class=\"wp-block-gallery columns-3 is-cropped wp-block-gallery-2 is-layout-flex wp-block-gallery-is-layout-flex\"><ul class=\"blocks-gallery-grid\"><li class=\"blocks-gallery-item\"><figure><img loading=\"lazy\" decoding=\"async\" width=\"400\" height=\"300\" src=\"http:\/\/test.handwerker-hilfe.de\/wp-content\/uploads\/2019\/04\/1-4.jpg\" alt=\"\" data-id=\"77\" data-link=\"http:\/\/test.handwerker-hilfe.de\/?attachment_id=77\" class=\"wp-image-77\" srcset=\"https:\/\/handwerker-hilfe.de\/wp-content\/uploads\/2019\/04\/1-4.jpg 400w, https:\/\/handwerker-hilfe.de\/wp-content\/uploads\/2019\/04\/1-4-300x225.jpg 300w\" sizes=\"auto, (max-width: 400px) 100vw, 400px\" \/><\/figure><\/li><li class=\"blocks-gallery-item\"><figure><img loading=\"lazy\" decoding=\"async\" width=\"400\" height=\"300\" src=\"http:\/\/test.handwerker-hilfe.de\/wp-content\/uploads\/2019\/04\/2-4.jpg\" alt=\"\" data-id=\"78\" data-link=\"http:\/\/test.handwerker-hilfe.de\/?attachment_id=78\" class=\"wp-image-78\" srcset=\"https:\/\/handwerker-hilfe.de\/wp-content\/uploads\/2019\/04\/2-4.jpg 400w, https:\/\/handwerker-hilfe.de\/wp-content\/uploads\/2019\/04\/2-4-300x225.jpg 300w\" sizes=\"auto, (max-width: 400px) 100vw, 400px\" \/><\/figure><\/li><li class=\"blocks-gallery-item\"><figure><img loading=\"lazy\" decoding=\"async\" width=\"400\" height=\"300\" src=\"http:\/\/test.handwerker-hilfe.de\/wp-content\/uploads\/2019\/04\/3-3.jpg\" alt=\"\" data-id=\"79\" data-link=\"http:\/\/test.handwerker-hilfe.de\/?attachment_id=79\" class=\"wp-image-79\" srcset=\"https:\/\/handwerker-hilfe.de\/wp-content\/uploads\/2019\/04\/3-3.jpg 400w, https:\/\/handwerker-hilfe.de\/wp-content\/uploads\/2019\/04\/3-3-300x225.jpg 300w\" sizes=\"auto, (max-width: 400px) 100vw, 400px\" \/><\/figure><\/li><li class=\"blocks-gallery-item\"><figure><img loading=\"lazy\" decoding=\"async\" width=\"400\" height=\"300\" src=\"http:\/\/test.handwerker-hilfe.de\/wp-content\/uploads\/2019\/04\/4-3.jpg\" alt=\"\" data-id=\"80\" data-link=\"http:\/\/test.handwerker-hilfe.de\/?attachment_id=80\" class=\"wp-image-80\" srcset=\"https:\/\/handwerker-hilfe.de\/wp-content\/uploads\/2019\/04\/4-3.jpg 400w, https:\/\/handwerker-hilfe.de\/wp-content\/uploads\/2019\/04\/4-3-300x225.jpg 300w\" sizes=\"auto, (max-width: 400px) 100vw, 400px\" \/><\/figure><\/li><li class=\"blocks-gallery-item\"><figure><img loading=\"lazy\" decoding=\"async\" width=\"400\" height=\"300\" src=\"http:\/\/test.handwerker-hilfe.de\/wp-content\/uploads\/2019\/04\/5-1.jpg\" alt=\"\" data-id=\"81\" data-link=\"http:\/\/test.handwerker-hilfe.de\/?attachment_id=81\" class=\"wp-image-81\" srcset=\"https:\/\/handwerker-hilfe.de\/wp-content\/uploads\/2019\/04\/5-1.jpg 400w, https:\/\/handwerker-hilfe.de\/wp-content\/uploads\/2019\/04\/5-1-300x225.jpg 300w\" sizes=\"auto, (max-width: 400px) 100vw, 400px\" \/><\/figure><\/li><li class=\"blocks-gallery-item\"><figure><img loading=\"lazy\" decoding=\"async\" width=\"400\" height=\"300\" src=\"http:\/\/test.handwerker-hilfe.de\/wp-content\/uploads\/2019\/04\/6-1.jpg\" alt=\"\" data-id=\"82\" data-link=\"http:\/\/test.handwerker-hilfe.de\/?attachment_id=82\" class=\"wp-image-82\" srcset=\"https:\/\/handwerker-hilfe.de\/wp-content\/uploads\/2019\/04\/6-1.jpg 400w, https:\/\/handwerker-hilfe.de\/wp-content\/uploads\/2019\/04\/6-1-300x225.jpg 300w\" sizes=\"auto, (max-width: 400px) 100vw, 400px\" \/><\/figure><\/li><li class=\"blocks-gallery-item\"><figure><img loading=\"lazy\" decoding=\"async\" width=\"480\" height=\"640\" src=\"http:\/\/test.handwerker-hilfe.de\/wp-content\/uploads\/2019\/04\/7-1.jpg\" alt=\"\" data-id=\"83\" data-link=\"http:\/\/test.handwerker-hilfe.de\/?attachment_id=83\" class=\"wp-image-83\" srcset=\"https:\/\/handwerker-hilfe.de\/wp-content\/uploads\/2019\/04\/7-1.jpg 480w, https:\/\/handwerker-hilfe.de\/wp-content\/uploads\/2019\/04\/7-1-225x300.jpg 225w\" sizes=\"auto, (max-width: 480px) 100vw, 480px\" \/><\/figure><\/li><li class=\"blocks-gallery-item\"><figure><img loading=\"lazy\" decoding=\"async\" width=\"120\" height=\"160\" src=\"http:\/\/test.handwerker-hilfe.de\/wp-content\/uploads\/2019\/04\/winter1-k-1.jpg\" alt=\"\" data-id=\"84\" data-link=\"http:\/\/test.handwerker-hilfe.de\/?attachment_id=84\" class=\"wp-image-84\"\/><\/figure><\/li><li class=\"blocks-gallery-item\"><figure><img loading=\"lazy\" decoding=\"async\" width=\"160\" height=\"120\" src=\"http:\/\/test.handwerker-hilfe.de\/wp-content\/uploads\/2019\/04\/winter-k-1.jpg\" alt=\"\" data-id=\"85\" data-link=\"http:\/\/test.handwerker-hilfe.de\/?attachment_id=85\" class=\"wp-image-85\"\/><\/figure><\/li><\/ul><\/figure>\n\n\n\n<p>&#8230;. oder wenn Ihnen das Gras \u00fcber den Kopf w\u00e4chst  &#8230;.<\/p>\n\n\n\n<figure class=\"wp-block-gallery columns-3 is-cropped wp-block-gallery-3 is-layout-flex wp-block-gallery-is-layout-flex\"><ul class=\"blocks-gallery-grid\"><li class=\"blocks-gallery-item\"><figure><img loading=\"lazy\" decoding=\"async\" width=\"454\" height=\"341\" src=\"http:\/\/test.handwerker-hilfe.de\/wp-content\/uploads\/2019\/04\/1-5.jpg\" alt=\"\" data-id=\"86\" data-link=\"http:\/\/test.handwerker-hilfe.de\/?attachment_id=86\" class=\"wp-image-86\" srcset=\"https:\/\/handwerker-hilfe.de\/wp-content\/uploads\/2019\/04\/1-5.jpg 454w, https:\/\/handwerker-hilfe.de\/wp-content\/uploads\/2019\/04\/1-5-300x225.jpg 300w\" sizes=\"auto, (max-width: 454px) 100vw, 454px\" \/><\/figure><\/li><li class=\"blocks-gallery-item\"><figure><img loading=\"lazy\" decoding=\"async\" width=\"500\" height=\"333\" src=\"http:\/\/test.handwerker-hilfe.de\/wp-content\/uploads\/2019\/04\/2-5.jpg\" alt=\"\" data-id=\"87\" data-link=\"http:\/\/test.handwerker-hilfe.de\/?attachment_id=87\" class=\"wp-image-87\" srcset=\"https:\/\/handwerker-hilfe.de\/wp-content\/uploads\/2019\/04\/2-5.jpg 500w, https:\/\/handwerker-hilfe.de\/wp-content\/uploads\/2019\/04\/2-5-300x200.jpg 300w\" sizes=\"auto, (max-width: 500px) 100vw, 500px\" \/><\/figure><\/li><li class=\"blocks-gallery-item\"><figure><img loading=\"lazy\" decoding=\"async\" width=\"1024\" height=\"768\" src=\"http:\/\/test.handwerker-hilfe.de\/wp-content\/uploads\/2020\/05\/20171107_094413-1-1024x768.jpg\" alt=\"\" data-id=\"136\" data-full-url=\"http:\/\/test.handwerker-hilfe.de\/wp-content\/uploads\/2020\/05\/20171107_094413-1-scaled.jpg\" data-link=\"http:\/\/test.handwerker-hilfe.de\/?attachment_id=136\" class=\"wp-image-136\" srcset=\"https:\/\/handwerker-hilfe.de\/wp-content\/uploads\/2020\/05\/20171107_094413-1-1024x768.jpg 1024w, https:\/\/handwerker-hilfe.de\/wp-content\/uploads\/2020\/05\/20171107_094413-1-300x225.jpg 300w, https:\/\/handwerker-hilfe.de\/wp-content\/uploads\/2020\/05\/20171107_094413-1-768x576.jpg 768w, https:\/\/handwerker-hilfe.de\/wp-content\/uploads\/2020\/05\/20171107_094413-1-1536x1152.jpg 1536w, https:\/\/handwerker-hilfe.de\/wp-content\/uploads\/2020\/05\/20171107_094413-1-2048x1536.jpg 2048w\" sizes=\"auto, (max-width: 1024px) 100vw, 1024px\" \/><\/figure><\/li><\/ul><\/figure>\n\n\n\n<p>&#8230;. wir sind f\u00fcr alle Gelegenheiten bestens ger\u00fcstet und f\u00fcr Sie da.<br><\/p>\n","protected":false},"excerpt":{"rendered":"<p>Egal ob sich mal etwas mehr angestaut hat &#8230;. &#8230;. oder Ihnen die winterlichen Witterungsverh\u00e4ltnisse zu schaffen machen &#8230;. &#8230;. oder wenn Ihnen das Gras [&hellip;]<\/p>\n","protected":false},"author":2,"featured_media":0,"parent":0,"menu_order":0,"comment_status":"closed","ping_status":"closed","template":"","meta":{"footnotes":""},"class_list":["post-71","page","type-page","status-publish","hentry"],"_links":{"self":[{"href":"https:\/\/handwerker-hilfe.de\/index.php?rest_route=\/wp\/v2\/pages\/71","targetHints":{"allow":["GET"]}}],"collection":[{"href":"https:\/\/handwerker-hilfe.de\/index.php?rest_route=\/wp\/v2\/pages"}],"about":[{"href":"https:\/\/handwerker-hilfe.de\/index.php?rest_route=\/wp\/v2\/types\/page"}],"author":[{"embeddable":true,"href":"https:\/\/handwerker-hilfe.de\/index.php?rest_route=\/wp\/v2\/users\/2"}],"replies":[{"embeddable":true,"href":"https:\/\/handwerker-hilfe.de\/index.php?rest_route=%2Fwp%2Fv2%2Fcomments&post=71"}],"version-history":[{"count":4,"href":"https:\/\/handwerker-hilfe.de\/index.php?rest_route=\/wp\/v2\/pages\/71\/revisions"}],"predecessor-version":[{"id":219,"href":"https:\/\/handwerker-hilfe.de\/index.php?rest_route=\/wp\/v2\/pages\/71\/revisions\/219"}],"wp:attachment":[{"href":"https:\/\/handwerker-hilfe.de\/index.php?rest_route=%2Fwp%2Fv2%2Fmedia&parent=71"}],"curies":[{"name":"wp","href":"https:\/\/api.w.org\/{rel}","templated":true}]}}